{"id":15476,"date":"2025-04-03T19:49:47","date_gmt":"2025-04-03T19:49:47","guid":{"rendered":"https:\/\/www.precisionmpi.com\/?page_id=15476"},"modified":"2025-04-07T19:09:14","modified_gmt":"2025-04-07T19:09:14","slug":"plastic-injection-services","status":"publish","type":"page","link":"https:\/\/www.precisionmpi.com\/es\/plastic-injection-services\/","title":{"rendered":"Servicios para la Industria de Inyeccion de Plasticos"},"content":{"rendered":"<p>[vc_row][vc_column][vc_column_text]<\/p>\n<h1><strong>Moldeadoras (Maquinas de Inyeccion de Plastico)<\/strong><\/h1>\n<p>[\/vc_column_text][vc_column_text]Mantenimiento Preventivo<\/p>\n<ul>\n<li>Inspecci\u00f3n general del sistema hidr\u00e1ulico: Revisi\u00f3n de cilindros, v\u00e1lvulas, mangueras y conexiones para detectar fugas o desgaste.<\/li>\n<li>Cambio de fluidos hidr\u00e1ulicos y filtros: Sustituci\u00f3n peri\u00f3dica del aceite y filtros para evitar contaminaci\u00f3n y garantizar una presi\u00f3n estable.<\/li>\n<li>Lubricaci\u00f3n y engrase de componentes m\u00f3viles: Reducci\u00f3n del desgaste en gu\u00edas, rieles y otros elementos mec\u00e1nicos.<\/li>\n<li>Verificaci\u00f3n y ajuste de presiones: Comprobaci\u00f3n de presi\u00f3n del sistema para evitar sobrecargas o p\u00e9rdidas de eficiencia.<\/li>\n<\/ul>\n<p>[\/vc_column_text][vc_column_text]Mantenimiento Predictivo<\/p>\n<ul>\n<li>An\u00e1lisis de vibraciones: Detecci\u00f3n de desalineaciones en la bomba hidr\u00e1ulica o desgaste en cojinetes.<\/li>\n<li>Termograf\u00eda infrarroja: Identificaci\u00f3n de puntos calientes en conexiones el\u00e9ctricas y componentes mec\u00e1nicos.<\/li>\n<li>An\u00e1lisis de aceite hidr\u00e1ulico: Evaluaci\u00f3n de part\u00edculas contaminantes y degradaci\u00f3n del fluido para prevenir fallas en v\u00e1lvulas y cilindros.<\/li>\n<li>Ultrasonido para detecci\u00f3n de fugas: Localizaci\u00f3n precisa de fugas en mangueras, sellos y conexiones.<\/li>\n<li>Monitoreo de presi\u00f3n y caudal: Identificaci\u00f3n de ca\u00eddas de rendimiento en la bomba hidr\u00e1ulica o en los actuadores.<\/li>\n<\/ul>\n<p>[\/vc_column_text][vc_column_text]<\/p>\n<h1>Servicios de Paralelismo, Tensi\u00f3n de Barras y Nivelaci\u00f3n de Moldeadoras<\/h1>\n<p>[\/vc_column_text][vc_column_text]Optimiza el rendimiento de tus moldeadoras hidr\u00e1ulicas con nuestros servicios especializados:<\/p>\n<h4>Paralelismo y Tension de Barras<\/h4>\n<ul>\n<li>Correcci\u00f3n de desalineaciones para un cierre uniforme.<\/li>\n<li>Ajuste preciso de la tensi\u00f3n para evitar desgastes y fallas.<\/li>\n<li>Inspecci\u00f3n y calibraci\u00f3n con equipos de alta precisi\u00f3n.<\/li>\n<\/ul>\n<h4>Nivelacion de Moldeadoras<\/h4>\n<ul>\n<li>Ajuste de la base para garantizar estabilidad y precisi\u00f3n en el moldeo.<\/li>\n<li>Medici\u00f3n con instrumentos de alta precisi\u00f3n.<\/li>\n<li>Prevenci\u00f3n de desgastes irregulares y defectos en la producci\u00f3n.<\/li>\n<\/ul>\n<p>Beneficios:<br \/>\n\u2714\ufe0f Mayor precisi\u00f3n y calidad en las piezas moldeadas.<br \/>\n\u2714\ufe0f Reducci\u00f3n de desgastes y fallas prematuras.<br \/>\n\u2714\ufe0f Optimizaci\u00f3n del rendimiento y menor tiempo de inactividad.[\/vc_column_text][\/vc_column][\/vc_row]<\/p>","protected":false},"excerpt":{"rendered":"<p>[vc_row][vc_column][vc_column_text] Moldeadoras (Maquinas de Inyeccion de Plastico) [\/vc_column_text][vc_column_text]Mantenimiento Preventivo Inspecci\u00f3n general del sistema hidr\u00e1ulico: Revisi\u00f3n de cilindros, v\u00e1lvulas, mangueras y conexiones para detectar fugas o desgaste.<span class=\"excerpt-hellip\"> [\u2026]<\/span><\/p>\n","protected":false},"author":2,"featured_media":0,"parent":0,"menu_order":0,"comment_status":"closed","ping_status":"closed","template":"","meta":{"_starter_page_template":"","_wpcom_template_layout_category":[],"footnotes":""},"class_list":["post-15476","page","type-page","status-publish","hentry"],"yoast_head":"<!-- This site is optimized with the Yoast SEO plugin v27.4 - https:\/\/yoast.com\/product\/yoast-seo-wordpress\/ -->\n<title>Servicios para la Industria de Inyeccion de Plasticos - MPI<\/title>\n<meta name=\"robots\" content=\"index, follow, max-snippet:-1, max-image-preview:large, max-video-preview:-1\" \/>\n<link rel=\"canonical\" href=\"https:\/\/www.precisionmpi.com\/es\/plastic-injection-services\/\" \/>\n<meta property=\"og:locale\" content=\"es_ES\" \/>\n<meta property=\"og:type\" content=\"article\" \/>\n<meta property=\"og:title\" content=\"Servicios para la Industria de Inyeccion de Plasticos - MPI\" \/>\n<meta property=\"og:description\" content=\"[vc_row][vc_column][vc_column_text] Moldeadoras (Maquinas de Inyeccion de Plastico) [\/vc_column_text][vc_column_text]Mantenimiento Preventivo Inspecci\u00f3n general del sistema hidr\u00e1ulico: Revisi\u00f3n de cilindros, v\u00e1lvulas, mangueras y conexiones para detectar fugas o desgaste. [\u2026]\" \/>\n<meta property=\"og:url\" content=\"https:\/\/www.precisionmpi.com\/es\/plastic-injection-services\/\" \/>\n<meta property=\"og:site_name\" content=\"MPI\" \/>\n<meta property=\"article:modified_time\" content=\"2025-04-07T19:09:14+00:00\" \/>\n<meta name=\"twitter:card\" content=\"summary_large_image\" \/>\n<meta name=\"twitter:label1\" content=\"Tiempo de lectura\" \/>\n\t<meta name=\"twitter:data1\" content=\"1 minuto\" \/>\n<script type=\"application\/ld+json\" class=\"yoast-schema-graph\">{\"@context\":\"https:\\\/\\\/schema.org\",\"@graph\":[{\"@type\":\"WebPage\",\"@id\":\"https:\\\/\\\/www.precisionmpi.com\\\/es\\\/plastic-injection-services\\\/\",\"url\":\"https:\\\/\\\/www.precisionmpi.com\\\/es\\\/plastic-injection-services\\\/\",\"name\":\"Servicios para la Industria de Inyeccion de Plasticos - MPI\",\"isPartOf\":{\"@id\":\"https:\\\/\\\/www.precisionmpi.com\\\/es\\\/#website\"},\"datePublished\":\"2025-04-03T19:49:47+00:00\",\"dateModified\":\"2025-04-07T19:09:14+00:00\",\"breadcrumb\":{\"@id\":\"https:\\\/\\\/www.precisionmpi.com\\\/es\\\/plastic-injection-services\\\/#breadcrumb\"},\"inLanguage\":\"es\",\"potentialAction\":[{\"@type\":\"ReadAction\",\"target\":[[\"https:\\\/\\\/www.precisionmpi.com\\\/es\\\/plastic-injection-services\\\/\"]]}]},{\"@type\":\"BreadcrumbList\",\"@id\":\"https:\\\/\\\/www.precisionmpi.com\\\/es\\\/plastic-injection-services\\\/#breadcrumb\",\"itemListElement\":[{\"@type\":\"ListItem\",\"position\":1,\"name\":\"Home\",\"item\":\"https:\\\/\\\/www.precisionmpi.com\\\/es\\\/\"},{\"@type\":\"ListItem\",\"position\":2,\"name\":\"Services for Plastic Injection Industry\"}]},{\"@type\":\"WebSite\",\"@id\":\"https:\\\/\\\/www.precisionmpi.com\\\/es\\\/#website\",\"url\":\"https:\\\/\\\/www.precisionmpi.com\\\/es\\\/\",\"name\":\"MPI\",\"description\":\"design automation molds dies\",\"publisher\":{\"@id\":\"https:\\\/\\\/www.precisionmpi.com\\\/es\\\/#organization\"},\"potentialAction\":[{\"@type\":\"SearchAction\",\"target\":{\"@type\":\"EntryPoint\",\"urlTemplate\":\"https:\\\/\\\/www.precisionmpi.com\\\/es\\\/?s={search_term_string}\"},\"query-input\":{\"@type\":\"PropertyValueSpecification\",\"valueRequired\":true,\"valueName\":\"search_term_string\"}}],\"inLanguage\":\"es\"},{\"@type\":\"Organization\",\"@id\":\"https:\\\/\\\/www.precisionmpi.com\\\/es\\\/#organization\",\"name\":\"MPI\",\"url\":\"https:\\\/\\\/www.precisionmpi.com\\\/es\\\/\",\"logo\":{\"@type\":\"ImageObject\",\"inLanguage\":\"es\",\"@id\":\"https:\\\/\\\/www.precisionmpi.com\\\/es\\\/#\\\/schema\\\/logo\\\/image\\\/\",\"url\":\"https:\\\/\\\/www.precisionmpi.com\\\/wp-content\\\/uploads\\\/2017\\\/06\\\/logo-mpi.png\",\"contentUrl\":\"https:\\\/\\\/www.precisionmpi.com\\\/wp-content\\\/uploads\\\/2017\\\/06\\\/logo-mpi.png\",\"width\":240,\"height\":163,\"caption\":\"MPI\"},\"image\":{\"@id\":\"https:\\\/\\\/www.precisionmpi.com\\\/es\\\/#\\\/schema\\\/logo\\\/image\\\/\"},\"sameAs\":[\"https:\\\/\\\/www.instagram.com\\\/precision_mpi\"]}]}<\/script>\n<!-- \/ Yoast SEO plugin. -->","yoast_head_json":{"title":"Servicios para la Industria de Inyeccion de Plasticos - MPI","robots":{"index":"index","follow":"follow","max-snippet":"max-snippet:-1","max-image-preview":"max-image-preview:large","max-video-preview":"max-video-preview:-1"},"canonical":"https:\/\/www.precisionmpi.com\/es\/plastic-injection-services\/","og_locale":"es_ES","og_type":"article","og_title":"Servicios para la Industria de Inyeccion de Plasticos - MPI","og_description":"[vc_row][vc_column][vc_column_text] Moldeadoras (Maquinas de Inyeccion de Plastico) [\/vc_column_text][vc_column_text]Mantenimiento Preventivo Inspecci\u00f3n general del sistema hidr\u00e1ulico: Revisi\u00f3n de cilindros, v\u00e1lvulas, mangueras y conexiones para detectar fugas o desgaste. [\u2026]","og_url":"https:\/\/www.precisionmpi.com\/es\/plastic-injection-services\/","og_site_name":"MPI","article_modified_time":"2025-04-07T19:09:14+00:00","twitter_card":"summary_large_image","twitter_misc":{"Tiempo de lectura":"1 minuto"},"schema":{"@context":"https:\/\/schema.org","@graph":[{"@type":"WebPage","@id":"https:\/\/www.precisionmpi.com\/es\/plastic-injection-services\/","url":"https:\/\/www.precisionmpi.com\/es\/plastic-injection-services\/","name":"Servicios para la Industria de Inyeccion de Plasticos - MPI","isPartOf":{"@id":"https:\/\/www.precisionmpi.com\/es\/#website"},"datePublished":"2025-04-03T19:49:47+00:00","dateModified":"2025-04-07T19:09:14+00:00","breadcrumb":{"@id":"https:\/\/www.precisionmpi.com\/es\/plastic-injection-services\/#breadcrumb"},"inLanguage":"es","potentialAction":[{"@type":"ReadAction","target":[["https:\/\/www.precisionmpi.com\/es\/plastic-injection-services\/"]]}]},{"@type":"BreadcrumbList","@id":"https:\/\/www.precisionmpi.com\/es\/plastic-injection-services\/#breadcrumb","itemListElement":[{"@type":"ListItem","position":1,"name":"Home","item":"https:\/\/www.precisionmpi.com\/es\/"},{"@type":"ListItem","position":2,"name":"Services for Plastic Injection Industry"}]},{"@type":"WebSite","@id":"https:\/\/www.precisionmpi.com\/es\/#website","url":"https:\/\/www.precisionmpi.com\/es\/","name":"MPI","description":"design automation molds dies","publisher":{"@id":"https:\/\/www.precisionmpi.com\/es\/#organization"},"potentialAction":[{"@type":"SearchAction","target":{"@type":"EntryPoint","urlTemplate":"https:\/\/www.precisionmpi.com\/es\/?s={search_term_string}"},"query-input":{"@type":"PropertyValueSpecification","valueRequired":true,"valueName":"search_term_string"}}],"inLanguage":"es"},{"@type":"Organization","@id":"https:\/\/www.precisionmpi.com\/es\/#organization","name":"MPI","url":"https:\/\/www.precisionmpi.com\/es\/","logo":{"@type":"ImageObject","inLanguage":"es","@id":"https:\/\/www.precisionmpi.com\/es\/#\/schema\/logo\/image\/","url":"https:\/\/www.precisionmpi.com\/wp-content\/uploads\/2017\/06\/logo-mpi.png","contentUrl":"https:\/\/www.precisionmpi.com\/wp-content\/uploads\/2017\/06\/logo-mpi.png","width":240,"height":163,"caption":"MPI"},"image":{"@id":"https:\/\/www.precisionmpi.com\/es\/#\/schema\/logo\/image\/"},"sameAs":["https:\/\/www.instagram.com\/precision_mpi"]}]}},"_links":{"self":[{"href":"https:\/\/www.precisionmpi.com\/es\/wp-json\/wp\/v2\/pages\/15476","targetHints":{"allow":["GET"]}}],"collection":[{"href":"https:\/\/www.precisionmpi.com\/es\/wp-json\/wp\/v2\/pages"}],"about":[{"href":"https:\/\/www.precisionmpi.com\/es\/wp-json\/wp\/v2\/types\/page"}],"author":[{"embeddable":true,"href":"https:\/\/www.precisionmpi.com\/es\/wp-json\/wp\/v2\/users\/2"}],"replies":[{"embeddable":true,"href":"https:\/\/www.precisionmpi.com\/es\/wp-json\/wp\/v2\/comments?post=15476"}],"version-history":[{"count":5,"href":"https:\/\/www.precisionmpi.com\/es\/wp-json\/wp\/v2\/pages\/15476\/revisions"}],"predecessor-version":[{"id":15512,"href":"https:\/\/www.precisionmpi.com\/es\/wp-json\/wp\/v2\/pages\/15476\/revisions\/15512"}],"wp:attachment":[{"href":"https:\/\/www.precisionmpi.com\/es\/wp-json\/wp\/v2\/media?parent=15476"}],"curies":[{"name":"wp","href":"https:\/\/api.w.org\/{rel}","templated":true}]}}