{"id":81,"date":"2016-01-26T09:35:54","date_gmt":"2016-01-26T09:35:54","guid":{"rendered":"http:\/\/themes.muffingroup.com\/be\/mining\/?page_id=2"},"modified":"2023-07-18T19:12:30","modified_gmt":"2023-07-18T19:12:30","slug":"home","status":"publish","type":"page","link":"https:\/\/www.precisionmpi.com\/es\/","title":{"rendered":"Inicio"},"content":{"rendered":"<p>[vc_row full_width=\u00bbstretch_row\u00bb el_class=\u00bbintro-home\u00bb css=\u00bb.vc_custom_1496790658407{background-image: url(https:\/\/precisionmpi.com\/wp-content\/uploads\/2016\/01\/black-bg.jpg?id=213) !important;background-position: center !important;background-repeat: no-repeat !important;background-size: cover !important;}\u00bb][vc_column width=\u00bb1\/12&#8243;][\/vc_column][vc_column width=\u00bb5\/6&#8243;][vc_column_text]<\/p>\n<h3 style=\"text-align: center;\"><strong>MPI<\/strong> es una empresa dedicada a ofrecer soluciones a la industria en diferentes \u00e1reas de la Ingenier\u00eda mec\u00e1nica, el\u00e9ctrica, neum\u00e1tica e hidr\u00e1ulica.<\/h3>\n<p>&nbsp;<\/p>\n<p style=\"text-align: center;\">Con un respaldo de m\u00e1s de 20 a\u00f1os de presencia en el mercado gozando de prestigio hemos brindado soluciones a los diferentes tipos de industria como Medica, Automotriz, Electronica por mencionar algunas.<\/p>\n<p style=\"text-align: center;\">Dise\u00f1ando y fabricando equipos y herramientas con altos est\u00e1ndares de calidad.<\/p>\n<p>[\/vc_column_text][\/vc_column][vc_column width=\u00bb1\/12&#8243;][\/vc_column][\/vc_row][vc_row full_width=\u00bbstretch_row_content_no_spaces\u00bb el_class=\u00bbhome-fotos\u00bb][vc_column][vc_media_grid element_width=\u00bb3&#8243; gap=\u00bb0&#8243; grid_id=\u00bbvc_gid:1500570989698-6135a017-4b49-9&#8243; include=\u00bb129,130,132,133&#8243;][\/vc_column][\/vc_row][vc_row][vc_column width=\u00bb1\/2&#8243;][vc_gallery interval=\u00bb3&#8243; images=\u00bb248,243,236,240,130,129,241,290,300&#8243; img_size=\u00bbfull\u00bb][\/vc_column][vc_column width=\u00bb1\/2&#8243;][vc_column_text]<\/p>\n<h1><strong>MPI<\/strong> no es solo un taller&#8230;<\/h1>\n<p>&nbsp;<\/p>\n<h3><strong>MPI<\/strong> utiliza el concepto de \u00abR &amp; D\u00bb como una gu\u00eda para proveer soluciones a las necesidades de nuestros clientes.<\/h3>\n<p>&nbsp;<\/p>\n<p>Nosotros<strong> investigamos<\/strong> sobre su necesidad, <strong>desarollamos<\/strong> un concepto, <strong>fabricamos<\/strong> la idea e <strong>integramos<\/strong> una soluci\u00f3n.<\/p>\n<p>&nbsp;<\/p>\n<p>Nuestra filosof\u00eda de trabajo es terminar trabajos de <strong>RETO<\/strong> para exitosamente lograr la satisfacci\u00f3n de nuestros clientes.[\/vc_column_text][\/vc_column][\/vc_row][vc_row equal_height=\u00bbyes\u00bb el_class=\u00bbhome-vision\u00bb][vc_column width=\u00bb1\/2&#8243;][vc_column_text]<\/p>\n<h3 style=\"text-align: left;\">NUESTRA VISION<\/h3>\n<p style=\"text-align: left;\">MPI trabaja y se desarolla en nuevos mercados con el apoyo de un eficaz sistema de administraci\u00f3n de sus recursos financieros y productivos. procurando a su vez un mejor nivel de vida para su personal.<\/p>\n<p>[\/vc_column_text][\/vc_column][vc_column width=\u00bb1\/2&#8243;][vc_column_text]<\/p>\n<h3>NUESTRA MISION<\/h3>\n<ul>\n<li>Fabricar herramientas de precisi\u00f3n, maquinaria, equipo, estructuras met\u00e1licas,\u00a0 moldeo y troquelado de partes.<\/li>\n<li>Proporcionar servicios y soluciones de dise\u00f1o, mantenimiento, ensamble, procesos de moldeo, estampado, integraci\u00f3n y automatizaci\u00f3n.<\/li>\n<li>Entregar la mas alta calidad de todos sus productos y servicios.<\/li>\n<li>Poner pasi\u00f3n y t\u00e9cnica en la soluci\u00f3n de cada reto.<\/li>\n<li>Fomentar el crecimiento y desarollo de todo su personal para obtener el \u00e9xito juntos.<\/li>\n<\/ul>\n<p>[\/vc_column_text][\/vc_column][\/vc_row][vc_row equal_height=\u00bbyes\u00bb el_class=\u00bbhome-vision\u00bb][vc_column width=\u00bb1\/2&#8243;][vc_column_text]<\/p>\n<div class=\"wpb_text_column wpb_content_element \">\n<div class=\"wpb_wrapper\">\n<h3><strong>MPI \u2013 El Paso, Tx<\/strong><\/h3>\n<p>1520 Goodyear Ste. H<br \/>\nEl Paso, TX 79936<br \/>\n(Ph) (915) 790-0927<\/p>\n<h3><strong>MPI \u2013 Cd. Ju\u00e1rez, Chih.<\/strong><\/h3>\n<p>Presa de Juchitengo #1022<br \/>\nCd. Juarez, Chih. Me\u0301xico<br \/>\n(Ph) (656) 641-1381<\/p>\n<p>sales@precisionmpi.com<\/p>\n<\/div>\n<\/div>\n<p>[\/vc_column_text][\/vc_column][vc_column width=\u00bb1\/2&#8243;][\/vc_column][\/vc_row]<\/p>","protected":false},"excerpt":{"rendered":"<p>[vc_row full_width=\u00bbstretch_row\u00bb el_class=\u00bbintro-home\u00bb css=\u00bb.vc_custom_1496790658407{background-image: url(https:\/\/precisionmpi.com\/wp-content\/uploads\/2016\/01\/black-bg.jpg?id=213) !important;background-position: center !important;background-repeat: no-repeat !important;background-size: cover !important;}\u00bb][vc_column width=\u00bb1\/12&#8243;][\/vc_column][vc_column width=\u00bb5\/6&#8243;][vc_column_text] MPI es una empresa dedicada a ofrecer soluciones a la industria en<span class=\"excerpt-hellip\"> [\u2026]<\/span><\/p>\n","protected":false},"author":2,"featured_media":0,"parent":0,"menu_order":0,"comment_status":"closed","ping_status":"open","template":"","meta":{"_starter_page_template":"","_wpcom_template_layout_category":[],"footnotes":""},"class_list":["post-81","page","type-page","status-publish","hentry"],"yoast_head":"<!-- This site is optimized with the Yoast SEO plugin v27.5 - https:\/\/yoast.com\/product\/yoast-seo-wordpress\/ -->\n<title>Inicio - MPI<\/title>\n<meta name=\"robots\" content=\"index, follow, max-snippet:-1, max-image-preview:large, max-video-preview:-1\" \/>\n<link rel=\"canonical\" href=\"https:\/\/www.precisionmpi.com\/es\/\" \/>\n<meta property=\"og:locale\" content=\"es_ES\" \/>\n<meta property=\"og:type\" content=\"article\" \/>\n<meta property=\"og:title\" content=\"Inicio - MPI\" \/>\n<meta property=\"og:description\" content=\"[vc_row full_width=\u00bbstretch_row\u00bb el_class=\u00bbintro-home\u00bb css=\u00bb.vc_custom_1496790658407{background-image: url(https:\/\/precisionmpi.com\/wp-content\/uploads\/2016\/01\/black-bg.jpg?id=213) !important;background-position: center !important;background-repeat: no-repeat !important;background-size: cover !important;}\u00bb][vc_column width=\u00bb1\/12&#8243;][\/vc_column][vc_column width=\u00bb5\/6&#8243;][vc_column_text] MPI es una empresa dedicada a ofrecer soluciones a la industria en [\u2026]\" \/>\n<meta property=\"og:url\" content=\"https:\/\/www.precisionmpi.com\/es\/\" \/>\n<meta property=\"og:site_name\" content=\"MPI\" \/>\n<meta property=\"article:modified_time\" content=\"2023-07-18T19:12:30+00:00\" \/>\n<meta name=\"twitter:card\" content=\"summary_large_image\" \/>\n<meta name=\"twitter:label1\" content=\"Tiempo de lectura\" \/>\n\t<meta name=\"twitter:data1\" content=\"5 minutos\" \/>\n<script type=\"application\/ld+json\" class=\"yoast-schema-graph\">{\"@context\":\"https:\\\/\\\/schema.org\",\"@graph\":[{\"@type\":\"WebPage\",\"@id\":\"https:\\\/\\\/www.precisionmpi.com\\\/es\\\/\",\"url\":\"https:\\\/\\\/www.precisionmpi.com\\\/es\\\/\",\"name\":\"Inicio - MPI\",\"isPartOf\":{\"@id\":\"https:\\\/\\\/www.precisionmpi.com\\\/es\\\/#website\"},\"datePublished\":\"2016-01-26T09:35:54+00:00\",\"dateModified\":\"2023-07-18T19:12:30+00:00\",\"breadcrumb\":{\"@id\":\"https:\\\/\\\/www.precisionmpi.com\\\/es\\\/#breadcrumb\"},\"inLanguage\":\"es\",\"potentialAction\":[{\"@type\":\"ReadAction\",\"target\":[[\"https:\\\/\\\/www.precisionmpi.com\\\/es\\\/\"]]}]},{\"@type\":\"BreadcrumbList\",\"@id\":\"https:\\\/\\\/www.precisionmpi.com\\\/es\\\/#breadcrumb\",\"itemListElement\":[{\"@type\":\"ListItem\",\"position\":1,\"name\":\"Home\",\"item\":\"https:\\\/\\\/www.precisionmpi.com\\\/es\\\/\"},{\"@type\":\"ListItem\",\"position\":2,\"name\":\"Home\"}]},{\"@type\":\"WebSite\",\"@id\":\"https:\\\/\\\/www.precisionmpi.com\\\/es\\\/#website\",\"url\":\"https:\\\/\\\/www.precisionmpi.com\\\/es\\\/\",\"name\":\"MPI\",\"description\":\"design automation molds dies\",\"publisher\":{\"@id\":\"https:\\\/\\\/www.precisionmpi.com\\\/es\\\/#organization\"},\"potentialAction\":[{\"@type\":\"SearchAction\",\"target\":{\"@type\":\"EntryPoint\",\"urlTemplate\":\"https:\\\/\\\/www.precisionmpi.com\\\/es\\\/?s={search_term_string}\"},\"query-input\":{\"@type\":\"PropertyValueSpecification\",\"valueRequired\":true,\"valueName\":\"search_term_string\"}}],\"inLanguage\":\"es\"},{\"@type\":\"Organization\",\"@id\":\"https:\\\/\\\/www.precisionmpi.com\\\/es\\\/#organization\",\"name\":\"MPI\",\"url\":\"https:\\\/\\\/www.precisionmpi.com\\\/es\\\/\",\"logo\":{\"@type\":\"ImageObject\",\"inLanguage\":\"es\",\"@id\":\"https:\\\/\\\/www.precisionmpi.com\\\/es\\\/#\\\/schema\\\/logo\\\/image\\\/\",\"url\":\"https:\\\/\\\/www.precisionmpi.com\\\/wp-content\\\/uploads\\\/2017\\\/06\\\/logo-mpi.png\",\"contentUrl\":\"https:\\\/\\\/www.precisionmpi.com\\\/wp-content\\\/uploads\\\/2017\\\/06\\\/logo-mpi.png\",\"width\":240,\"height\":163,\"caption\":\"MPI\"},\"image\":{\"@id\":\"https:\\\/\\\/www.precisionmpi.com\\\/es\\\/#\\\/schema\\\/logo\\\/image\\\/\"},\"sameAs\":[\"https:\\\/\\\/www.instagram.com\\\/precision_mpi\"]}]}<\/script>\n<!-- \/ Yoast SEO plugin. -->","yoast_head_json":{"title":"Inicio - MPI","robots":{"index":"index","follow":"follow","max-snippet":"max-snippet:-1","max-image-preview":"max-image-preview:large","max-video-preview":"max-video-preview:-1"},"canonical":"https:\/\/www.precisionmpi.com\/es\/","og_locale":"es_ES","og_type":"article","og_title":"Inicio - MPI","og_description":"[vc_row full_width=\u00bbstretch_row\u00bb el_class=\u00bbintro-home\u00bb css=\u00bb.vc_custom_1496790658407{background-image: url(https:\/\/precisionmpi.com\/wp-content\/uploads\/2016\/01\/black-bg.jpg?id=213) !important;background-position: center !important;background-repeat: no-repeat !important;background-size: cover !important;}\u00bb][vc_column width=\u00bb1\/12&#8243;][\/vc_column][vc_column width=\u00bb5\/6&#8243;][vc_column_text] MPI es una empresa dedicada a ofrecer soluciones a la industria en [\u2026]","og_url":"https:\/\/www.precisionmpi.com\/es\/","og_site_name":"MPI","article_modified_time":"2023-07-18T19:12:30+00:00","twitter_card":"summary_large_image","twitter_misc":{"Tiempo de lectura":"5 minutos"},"schema":{"@context":"https:\/\/schema.org","@graph":[{"@type":"WebPage","@id":"https:\/\/www.precisionmpi.com\/es\/","url":"https:\/\/www.precisionmpi.com\/es\/","name":"Inicio - MPI","isPartOf":{"@id":"https:\/\/www.precisionmpi.com\/es\/#website"},"datePublished":"2016-01-26T09:35:54+00:00","dateModified":"2023-07-18T19:12:30+00:00","breadcrumb":{"@id":"https:\/\/www.precisionmpi.com\/es\/#breadcrumb"},"inLanguage":"es","potentialAction":[{"@type":"ReadAction","target":[["https:\/\/www.precisionmpi.com\/es\/"]]}]},{"@type":"BreadcrumbList","@id":"https:\/\/www.precisionmpi.com\/es\/#breadcrumb","itemListElement":[{"@type":"ListItem","position":1,"name":"Home","item":"https:\/\/www.precisionmpi.com\/es\/"},{"@type":"ListItem","position":2,"name":"Home"}]},{"@type":"WebSite","@id":"https:\/\/www.precisionmpi.com\/es\/#website","url":"https:\/\/www.precisionmpi.com\/es\/","name":"MPI","description":"design automation molds dies","publisher":{"@id":"https:\/\/www.precisionmpi.com\/es\/#organization"},"potentialAction":[{"@type":"SearchAction","target":{"@type":"EntryPoint","urlTemplate":"https:\/\/www.precisionmpi.com\/es\/?s={search_term_string}"},"query-input":{"@type":"PropertyValueSpecification","valueRequired":true,"valueName":"search_term_string"}}],"inLanguage":"es"},{"@type":"Organization","@id":"https:\/\/www.precisionmpi.com\/es\/#organization","name":"MPI","url":"https:\/\/www.precisionmpi.com\/es\/","logo":{"@type":"ImageObject","inLanguage":"es","@id":"https:\/\/www.precisionmpi.com\/es\/#\/schema\/logo\/image\/","url":"https:\/\/www.precisionmpi.com\/wp-content\/uploads\/2017\/06\/logo-mpi.png","contentUrl":"https:\/\/www.precisionmpi.com\/wp-content\/uploads\/2017\/06\/logo-mpi.png","width":240,"height":163,"caption":"MPI"},"image":{"@id":"https:\/\/www.precisionmpi.com\/es\/#\/schema\/logo\/image\/"},"sameAs":["https:\/\/www.instagram.com\/precision_mpi"]}]}},"_links":{"self":[{"href":"https:\/\/www.precisionmpi.com\/es\/wp-json\/wp\/v2\/pages\/81","targetHints":{"allow":["GET"]}}],"collection":[{"href":"https:\/\/www.precisionmpi.com\/es\/wp-json\/wp\/v2\/pages"}],"about":[{"href":"https:\/\/www.precisionmpi.com\/es\/wp-json\/wp\/v2\/types\/page"}],"author":[{"embeddable":true,"href":"https:\/\/www.precisionmpi.com\/es\/wp-json\/wp\/v2\/users\/2"}],"replies":[{"embeddable":true,"href":"https:\/\/www.precisionmpi.com\/es\/wp-json\/wp\/v2\/comments?post=81"}],"version-history":[{"count":34,"href":"https:\/\/www.precisionmpi.com\/es\/wp-json\/wp\/v2\/pages\/81\/revisions"}],"predecessor-version":[{"id":398,"href":"https:\/\/www.precisionmpi.com\/es\/wp-json\/wp\/v2\/pages\/81\/revisions\/398"}],"wp:attachment":[{"href":"https:\/\/www.precisionmpi.com\/es\/wp-json\/wp\/v2\/media?parent=81"}],"curies":[{"name":"wp","href":"https:\/\/api.w.org\/{rel}","templated":true}]}}